{"id":30202,"date":"2025-10-28T13:06:13","date_gmt":"2025-10-28T11:06:13","guid":{"rendered":"https:\/\/evoplay.games\/cookie-notice\/"},"modified":"2026-01-30T13:26:00","modified_gmt":"2026-01-30T11:26:00","slug":"aviso-de-cookies","status":"publish","type":"page","link":"https:\/\/evoplay.games\/es\/aviso-de-cookies\/","title":{"rendered":"Aviso de Cookies"},"content":{"rendered":"<div class=\"page-txt-wrapper\">\n<p>El Sitio Web utiliza cookies. Una cookie es un peque\u00f1o archivo de letras y n\u00fameros que colocamos en tu dispositivo electr\u00f3nico. Usamos estas cookies para varios prop\u00f3sitos:<\/p>\n<ul class=\"default_ul\">\n<li><span data-sheets-root=\"1\">Las cookies de seguridad se usan para proteger el Sitio Web contra fraude, abuso y ciberataques;<\/span><\/li>\n<li><span data-sheets-root=\"1\">Las cookies esenciales son fundamentales para el funcionamiento del Sitio Web: sin ellas, el Sitio Web no funcionar\u00e1;<\/span><\/li>\n<li><span data-sheets-root=\"1\">Las cookies de funcionalidad se usan para proporcionarte funciones no esenciales del Sitio Web; si las desactivas, algunas funciones del Sitio Web no estar\u00e1n disponibles;<\/span><\/li>\n<li><span data-sheets-root=\"1\"> Las cookies de an\u00e1lisis se usan para distinguirte de otros visitantes del Sitio Web. Usamos esta informaci\u00f3n para crear estad\u00edsticas y mejorar la calidad de nuestro Sitio Web.<\/span><\/li>\n<\/ul>\n<h5 class=\"table-title\"><span data-sheets-root=\"1\">Cookies que utiliza el Sitio Web.<\/span><\/h5>\n<div style=\"overflow: auto;\">\n<table class=\"table-cookie\">\n<tbody>\n<tr>\n<td width=\"205\"><span data-sheets-root=\"1\">Nombre de la cookie<\/span><\/td>\n<td width=\"108\"><span data-sheets-root=\"1\">Tipo<\/span><\/td>\n<td width=\"104\"><span data-sheets-root=\"1\">Tiempo de expiraci\u00f3n <\/span><\/td>\n<td width=\"207\"><span data-sheets-root=\"1\">Prop\u00f3sito de uso<\/span><\/td>\n<\/tr>\n<tr>\n<td width=\"205\">__cfduid<\/td>\n<td width=\"108\"><span data-sheets-root=\"1\">Cookie de seguridad.<\/span><\/td>\n<td width=\"104\">1 mes.<\/td>\n<td width=\"207\"><span data-sheets-root=\"1\">Esta cookie es una funci\u00f3n de seguridad que implementamos para proteger este Sitio Web. La cookie _cfduid no permite el rastreo entre sitios web. Tampoco permite seguir a los visitantes de un sitio web a otro fusionando varios identificadores _cfduid en un perfil. La cookie _cfduid se coloca en tu navegador web despu\u00e9s de cumplir ciertos requisitos de seguridad. _cfduid es un hash unidireccional de ciertos valores y no puede usarse para identificarte personalmente.<\/span><\/td>\n<\/tr>\n<tr>\n<td width=\"205\">cookies_settings<\/td>\n<td width=\"108\"><span data-sheets-root=\"1\">Cookie esencial.<\/span><\/td>\n<td width=\"104\">1 mes.<\/td>\n<td width=\"207\"><span data-sheets-root=\"1\">Esta cookie recuerda tus preferencias de cookies en el Sitio Web.<\/span><\/td>\n<\/tr>\n<tr>\n<td width=\"205\">_ga<\/td>\n<td rowspan=\"4\" width=\"108\"><span data-sheets-root=\"1\">Cookies de an\u00e1lisis.<\/span><\/td>\n<td width=\"104\">2 a\u00f1os.<\/td>\n<td rowspan=\"4\" width=\"207\"><span data-sheets-root=\"1\">Estas cookies de Google Analytics recopilan informaci\u00f3n sobre c\u00f3mo los visitantes usan el Sitio Web. Usamos esta informaci\u00f3n para mejorar y optimizar nuestro Sitio Web.<br \/>\n<\/span><\/td>\n<\/tr>\n<tr>\n<td width=\"205\">_gid<\/td>\n<td width=\"104\">2 horas.<\/td>\n<\/tr>\n<tr>\n<td width=\"205\">_gat_gtag_UA_108842125_1<\/td>\n<td width=\"104\">1 minuto.<\/td>\n<\/tr>\n<tr>\n<td width=\"205\">_gat<\/td>\n<td width=\"104\">1 minuto.<\/td>\n<\/tr>\n<tr>\n<td width=\"205\">qtrans_front_language<\/td>\n<td width=\"108\"><span data-sheets-root=\"1\">Cookie de funcionalidad.<\/span><\/td>\n<td width=\"104\">1 a\u00f1o.<\/td>\n<td width=\"207\"><span data-sheets-root=\"1\">Recuerda tus preferencias de idioma en el Sitio Web.<\/span><\/td>\n<\/tr>\n<\/tbody>\n<\/table>\n<\/div>\n<\/div>\n","protected":false},"excerpt":{"rendered":"<p>El Sitio Web utiliza cookies. Una cookie es un peque\u00f1o archivo de letras y n\u00fameros que colocamos en tu dispositivo electr\u00f3nico. Usamos estas cookies para varios prop\u00f3sitos: Las cookies de seguridad se usan para proteger el Sitio Web contra fraude, abuso y ciberataques; Las cookies esenciales son fundamentales para el funcionamiento del Sitio Web: sin [&hellip;]<\/p>\n","protected":false},"author":1,"featured_media":0,"parent":0,"menu_order":0,"comment_status":"closed","ping_status":"closed","template":"","meta":{"_acf_changed":false,"footnotes":""},"class_list":["post-30202","page","type-page","status-publish","hentry"],"acf":[],"aioseo_notices":[],"_links":{"self":[{"href":"https:\/\/evoplay.games\/es\/wp-json\/wp\/v2\/pages\/30202","targetHints":{"allow":["GET"]}}],"collection":[{"href":"https:\/\/evoplay.games\/es\/wp-json\/wp\/v2\/pages"}],"about":[{"href":"https:\/\/evoplay.games\/es\/wp-json\/wp\/v2\/types\/page"}],"author":[{"embeddable":true,"href":"https:\/\/evoplay.games\/es\/wp-json\/wp\/v2\/users\/1"}],"replies":[{"embeddable":true,"href":"https:\/\/evoplay.games\/es\/wp-json\/wp\/v2\/comments?post=30202"}],"version-history":[{"count":2,"href":"https:\/\/evoplay.games\/es\/wp-json\/wp\/v2\/pages\/30202\/revisions"}],"predecessor-version":[{"id":32892,"href":"https:\/\/evoplay.games\/es\/wp-json\/wp\/v2\/pages\/30202\/revisions\/32892"}],"wp:attachment":[{"href":"https:\/\/evoplay.games\/es\/wp-json\/wp\/v2\/media?parent=30202"}],"curies":[{"name":"wp","href":"https:\/\/api.w.org\/{rel}","templated":true}]}}