{"id":30219,"date":"2025-10-28T13:06:13","date_gmt":"2025-10-28T11:06:13","guid":{"rendered":"https:\/\/evoplay.games\/privacy-policy\/"},"modified":"2026-01-30T13:22:47","modified_gmt":"2026-01-30T11:22:47","slug":"privacy-policy","status":"publish","type":"page","link":"https:\/\/evoplay.games\/es\/privacy-policy\/","title":{"rendered":"Pol\u00edtica de Privacidad"},"content":{"rendered":"<style>\n    .section-title {<br \/>        text-align: left !important;<br \/>        margin-bottom: 36px;<br \/>    }<br \/>    .page-txt-wrapper h3 {<br \/>        font-size: 20px;<br \/>        line-height: 22px;<br \/>        color: #090A0B;<br \/>        margin: 20px 0 0;<br \/>        padding: 0;<br \/>        font-weight: 400;<br \/>    }<br \/>    .page-txt-wrapper p {<br \/>        font-size: 16px;<br \/>        line-height: 26px;<br \/>        color: #A9AEB4;<br \/>        margin: 10px 0 0;<br \/>    }<br \/>    .page-txt-wrapper ul {<br \/>        padding: 0 0 0 18px;<br \/>        margin: 10px 0 0;<br \/>        color: #A9AEB4;<br \/>    }<br \/>    .page-txt-wrapper ul li p {<br \/>        margin: 0;<br \/>    }<br \/><\/style>\n<div class=\"page-txt-wrapper\">\n<h3><span data-sheets-root=\"1\">Introducci\u00f3n<\/span><\/h3>\n<p><span data-sheets-root=\"1\">Esta Pol\u00edtica de Privacidad (la \u00abPol\u00edtica\u00bb) tiene como objetivo informarte sobre el procesamiento de tus datos personales cuando usas el sitio web https:\/\/evoplay.games\/ (el \u00abSitio Web\u00bb). La privacidad de nuestros clientes, usuarios y representantes de contrapartes es muy importante para nosotros. Por eso hemos trabajado para entregarte informaci\u00f3n sobre el procesamiento de datos de forma clara, transparente y accesible. Lee esta Pol\u00edtica antes de usar el Sitio Web.<\/span><\/p>\n<h3><span data-sheets-root=\"1\">\u00bfQui\u00e9nes somos?<\/p>\n<p><\/span><\/h3>\n<p><span data-sheets-root=\"1\">Somos Evoplay Entertainment B.V., empresa constituida en Curazao, con n\u00famero de registro 146580 y domicilio social en Korporaalweg 10, Willemstad, Cura\u00e7ao (la \u00abCompa\u00f1\u00eda\u00bb, \u00abnosotros\u00bb, \u00abnuestro\u00bb).<\/p>\n<p>Nuestros contactos en la Uni\u00f3n Europea: Evoplay Entertainment LTD, empresa constituida en la Rep\u00fablica de Chipre, con n\u00famero de registro HE 406912 y domicilio social en Spyrou Kyprianou, 79, Protopapas bldg., 2\u00ba piso, Flat\/Office 201, Limassol, Chipre, 3076.<\/p>\n<p>Somos el \u00abresponsable del tratamiento\u00bb en el sentido del <a href=\"https:\/\/gdpr-info.eu\/art-4-gdpr\/\">Art\u00edculo 4(7)<\/a> del <a href=\"https:\/\/eur-lex.europa.eu\/eli\/reg\/2016\/679\/oj\">Reglamento (UE) 2016\/679<\/a> (el \u00abRGPD\u00bb).<\/p>\n<p>Si tienes preguntas sobre esta Pol\u00edtica o temas de privacidad, contacta con nuestro Equipo de Privacidad en <a href=\"mailto:privacy@evoplay.games\">privacy@evoplay.games.<\/a><br \/>\n<\/span><\/p>\n<h3><span data-sheets-root=\"1\">\u00bfQu\u00e9 datos recopilamos?<\/span><\/h3>\n<p>&nbsp;<\/p>\n<p><span data-sheets-root=\"1\"><strong>Datos recopilados autom\u00e1ticamente.<\/strong> Cuando usas el Sitio Web, recopilamos autom\u00e1ticamente:<\/p>\n<p>Informaci\u00f3n sobre tu dispositivo, navegador web y sistema operativo;<br \/>\nTu direcci\u00f3n IP;<br \/>\nInformaci\u00f3n sobre tu uso del Sitio Web: qu\u00e9 p\u00e1ginas has visitado, d\u00f3nde has hecho clic, y otra informaci\u00f3n sobre tu uso del Sitio Web.<br \/>\nFuente de estos datos: los recibimos de las solicitudes de tu navegador web, de cookies (lee nuestra <a href=\"\/es\/?page_id=30202\">Pol\u00edtica de Cookies<\/a>), p\u00edxeles que contiene este Sitio Web y tu <a href=\"https:\/\/www.whatismybrowser.com\/detect\/what-is-my-user-agent\/\">agente de usuario.<\/a><\/span><\/p>\n<p>&nbsp;<\/p>\n<p><strong>Datos de contacto.<\/strong> <span data-sheets-root=\"1\">Cuando te comunicas con nosotros a trav\u00e9s del Sitio Web o de los datos de contacto disponibles, recopilamos:<\/span><\/p>\n<ul>\n<li><span data-sheets-root=\"1\">Tu nombre;<\/span><\/li>\n<li><span data-sheets-root=\"1\">Tu direcci\u00f3n de correo electr\u00f3nico;<\/span><\/li>\n<li><span data-sheets-root=\"1\">Otra informaci\u00f3n que proporciones en tu mensaje.<br \/>\n<\/span><\/li>\n<\/ul>\n<p><strong>Datos de investigaci\u00f3n.\u00a0<\/strong> <span data-sheets-root=\"1\">Si proporcionas tus datos de contacto para fines comerciales, investigamos para entender el contexto de nuestra futura comunicaci\u00f3n. Esta investigaci\u00f3n cubre solo datos disponibles en fuentes p\u00fablicas (redes sociales, datos en motores de b\u00fasqueda y el sitio web de tu organizaci\u00f3n, etc.). Estos datos incluyen:<\/span><\/p>\n<ul>\n<li><span data-sheets-root=\"1\">El sector en el que trabajas o participas;<\/span><\/li>\n<li><span data-sheets-root=\"1\">Nombre de tu empresa u organizaci\u00f3n e informaci\u00f3n sobre ella (sector, geograf\u00eda, tama\u00f1o, etc.);<\/span><\/li>\n<li><span data-sheets-root=\"1\">Informaci\u00f3n sobre ti (tu puesto, experiencia, etc.) <\/span><\/li>\n<\/ul>\n<h3><span data-sheets-root=\"1\">Para qu\u00e9 fines y bajo qu\u00e9 bases legales procesamos tus datos<\/span><\/h3>\n<p><span data-sheets-root=\"1\">Bajo el RGPD, debemos indicarte la base legal para cada prop\u00f3sito de procesamiento de tus datos personales. Lee el <a href=\"https:\/\/gdpr-info.eu\/art-6-gdpr\/\">Art\u00edculo 6<\/a> del RGPD para m\u00e1s informaci\u00f3n sobre las bases legales.<\/span><\/p>\n<p><span data-sheets-root=\"1\"><strong>Administrar y proteger el Sitio Web.<\/strong> Usamos datos recopilados autom\u00e1ticamente para:<\/span><\/p>\n<ul>\n<li><span data-sheets-root=\"1\">Proteger el Sitio Web de ciberataques, fraude, etc.<\/span><\/li>\n<li><span data-sheets-root=\"1\">Diagnosticar problemas con el Sitio Web;<\/span><\/li>\n<li><span data-sheets-root=\"1\">Entender problemas con el Sitio Web o nuestra infraestructura digital.<\/span><\/li>\n<\/ul>\n<p>Base legal: nuestro inter\u00e9s leg\u00edtimo en administrar y proteger este Sitio Web.<\/p>\n<p><span data-sheets-root=\"1\"><strong>Proporcionar este Sitio Web y adaptarlo para nuestros usuarios.<\/strong> Usamos datos recopilados autom\u00e1ticamente para:<\/span><\/p>\n<ul>\n<li>Proporcionar el Sitio Web a sus usuarios y adaptarlo al dispositivo de cada usuario. Por ejemplo, usamos informaci\u00f3n sobre tu dispositivo para ofrecerte el Sitio Web adaptado a tu dispositivo.<\/li>\n<\/ul>\n<p>Base legal: nuestro inter\u00e9s leg\u00edtimo en proporcionar este Sitio Web de la mejor manera a nuestra audiencia.<\/p>\n<p><span data-sheets-root=\"1\"><strong>Anonimizar tus datos y usarlos para estad\u00edsticas, an\u00e1lisis e investigaci\u00f3n.<\/strong> Anonimizamos tus datos y los usamos para entender mejor a nuestros usuarios y desarrollar nuestro Sitio Web y Compa\u00f1\u00eda.<\/span><\/p>\n<p><span data-sheets-root=\"1\">Base legal: nuestro inter\u00e9s leg\u00edtimo en conocer e investigar a nuestra audiencia mediante datos anonimizados.<\/span><\/p>\n<p><span data-sheets-root=\"1\"><strong>Comunicarnos contigo.<\/strong> Usamos tus datos de contacto, datos de investigaci\u00f3n y algunas partes de datos recopilados autom\u00e1ticamente para contactarte. Sin estos datos, no podr\u00edamos comunicarnos contigo.<\/span><\/p>\n<p><span data-sheets-root=\"1\">A) Antes de iniciar nuestra comunicaci\u00f3n, usamos tu direcci\u00f3n IP y datos de investigaci\u00f3n para entender el contexto de nuestras futuras comunicaciones y las necesidades de tu organizaci\u00f3n. En lenguaje simple: hacemos investigaci\u00f3n previa para entender tu organizaci\u00f3n y el contexto de nuestra comunicaci\u00f3n.<\/p>\n<p>Base legal: nuestro inter\u00e9s leg\u00edtimo en tener informaci\u00f3n sobre ti y tu organizaci\u00f3n para entender el contexto de nuestra futura comunicaci\u00f3n.<br \/>\n<\/span><\/p>\n<p><span data-sheets-root=\"1\">B) Si nos contactas con un prop\u00f3sito comercial, usamos los datos mencionados para contactarte sobre este prop\u00f3sito.<\/span><\/p>\n<p><span data-sheets-root=\"1\">Base legal: nuestro inter\u00e9s leg\u00edtimo en comunicarnos con representantes de organizaciones para fines comerciales. <\/span><\/p>\n<p><span data-sheets-root=\"1\">C) Si nos contactas sobre asuntos legales (por ejemplo, para ejercer tus derechos como interesado), usamos tus datos para responder a tu solicitud.<br \/>\n<\/span><span data-sheets-root=\"1\"><br \/>\nBase legal: obligaci\u00f3n legal a la que est\u00e1 sujeta la Compa\u00f1\u00eda.<br \/>\n<\/span><\/p>\n<p><span data-sheets-root=\"1\">D) Si nos contactas para otros prop\u00f3sitos: usamos los datos disponibles para responder tu mensaje (dependiendo del contexto de tu comunicaci\u00f3n).<\/p>\n<p>Base legal: inter\u00e9s leg\u00edtimo en comunicarnos con la audiencia general sobre el Sitio Web. <\/span><\/p>\n<p><span data-sheets-root=\"1\"><strong>Enviarte nuestro bolet\u00edn<\/strong>. Si contactaste a trav\u00e9s de la interfaz del Sitio Web, podemos usar tu direcci\u00f3n de correo electr\u00f3nico para enviarte nuestro bolet\u00edn. Siempre puedes cancelar la suscripci\u00f3n mediante la interfaz de nuestro correo.<\/p>\n<p>Base legal: inter\u00e9s leg\u00edtimo en proporcionar a nuestros contactos noticias sobre los productos y servicios de la Compa\u00f1\u00eda.<br \/>\n<\/span><\/p>\n<h3><span data-sheets-root=\"1\">Cu\u00e1nto tiempo procesamos tus datos<\/span><\/h3>\n<p><span data-sheets-root=\"1\">Los datos recopilados autom\u00e1ticamente de visitantes del Sitio Web y los datos de contacto que no tenemos se almacenan no m\u00e1s de 26 (veintis\u00e9is) meses desde tu \u00faltima visita al Sitio Web. Si nos contactaste, tus datos de contacto y datos de investigaci\u00f3n se almacenan solo el tiempo necesario para los prop\u00f3sitos del procesamiento. Cuando se alcancen los prop\u00f3sitos, tus datos ser\u00e1n eliminados (por ejemplo, si el prop\u00f3sito de nuestra comunicaci\u00f3n se logra y ya no requerimos tus datos). \u00bfTienes preguntas adicionales sobre el per\u00edodo de almacenamiento? No dudes en contactarnos.<\/span><\/p>\n<h3><span data-sheets-root=\"1\">Con qui\u00e9n compartimos tus datos<br \/>\n<\/span><\/h3>\n<p><span data-sheets-root=\"1\">Aqu\u00ed puedes encontrar a los destinatarios de tus datos. Ten en cuenta que algunos destinatarios est\u00e1n establecidos en pa\u00edses fuera del Espacio Econ\u00f3mico Europeo (EEE). El RGPD requiere que cada responsable que transfiere datos personales a un pa\u00eds fuera del EEE notifique sobre el mecanismo legal del RGPD aplicable a cada transferencia. Por eso, especificaremos el mecanismo legal que asegura cada transferencia al nombrar un destinatario o categor\u00eda de destinatarios.<\/p>\n<p>Los destinatarios de tus datos son:<\/span><\/p>\n<p><span data-sheets-root=\"1\"><strong>Contratistas y subcontratistas de la Compa\u00f1\u00eda.<\/strong> Contratamos terceros (empresas e individuos) para gestionar y operar nuestro negocio. Por ello, algunos de estos terceros tienen acceso a tus datos personales. El procesamiento de tus datos por estas partes est\u00e1 asegurado por acuerdos adecuados que obligan a estos destinatarios a procesar tus datos cumpliendo con esta Pol\u00edtica y la ley aplicable; estos acuerdos tambi\u00e9n incluyen todas las medidas t\u00e9cnicas y organizativas necesarias para lograr la confidencialidad de tus datos. Mecanismo legal usado para asegurar transferencias a personas fuera del EEE: si este contratista o subcontratista est\u00e1 establecido en un pa\u00eds fuera del EEE y este pa\u00eds no es sujeto de una <a href=\"https:\/\/commission.europa.eu\/law\/law-topic\/data-protection\/international-dimension-data-protection\/adequacy-decisions_en\">Decisi\u00f3n de Adecuaci\u00f3n<\/a> de la Comisi\u00f3n Europea, usamos <a href=\"https:\/\/commission.europa.eu\/law\/law-topic\/data-protection\/international-dimension-data-protection\/standard-contractual-clauses-scc_en\">Cl\u00e1usulas Contractuales Est\u00e1ndar<\/a> para asegurar estas transferencias.<\/span><\/p>\n<p><span data-sheets-root=\"1\"><strong>Proveedores de Cloud.<\/strong> Esta categor\u00eda incluye Amazon Web Services, nombre legal Amazon Web Services EMEA SARL, 38 Avenue John F. Kennedy, L-1855, Luxemburgo. Por favor, lee Aviso de privacidad de Amazon<a href=\"https:\/\/aws.amazon.com\/privacy\/?nc1=f_pr\"> AWS y Adenda de Procesamiento de Datos<\/a> del<a href=\"https:\/\/d1.awsstatic.com\/legal\/aws-gdpr\/AWS_GDPR_DPA.pdf\"> RGPD de AWS<\/a> para m\u00e1s informaci\u00f3n sobre el <a href=\"https:\/\/d1.awsstatic.com\/legal\/aws-gdpr\/AWS_GDPR_DPA.pdf\">procesamiento de tus datos personales.<\/a><\/span><\/p>\n<p><span data-sheets-root=\"1\"><strong>Google.<\/strong> Usamos servicios proporcionados por Google LLC, 1600 Amphitheatre Parkway Mountain View, California, 94043 y su representante en la UE Google Ireland Limited, Gordon House, Barrow Street, Dublin, D04 E5W5, Dublin, 368047, Irlanda. Estos incluyen Google Analytics, Google reCAPTCHA, Google Workspace y Google Tag Manager (procesa solo datos agregados). Mecanismo legal usado para asegurar transferencias a Google LLC: Cl\u00e1usulas Contractuales Est\u00e1ndar. Por favor, lee <a href=\"https:\/\/policies.google.com\/privacy\">Pol\u00edtica de privacidad de Google<\/a>, <a href=\"https:\/\/business.safety.google\/adsprocessorterms\/\">Condiciones de procesamiento de datos de Google Ads<\/a> y Modificaci\u00f3n de procesamiento de datos de <a href=\"https:\/\/cloud.google.com\/terms\/data-processing-addendum\/\">Google para Google Workspace<\/a> para m\u00e1s informaci\u00f3n sobre el procesamiento de datos personales por Google y lee los DPAs, que incluyen Cl\u00e1usulas Contractuales Est\u00e1ndar, concluidos con Google.<\/span><\/p>\n<\/div>\n<p><span data-sheets-root=\"1\"><strong>HubSpot.<\/strong> Usamos servicios proporcionados por HubSpot, Inc., 25 First Street, 2nd Floor, Cambridge, MA 02141 USA. Usamos los servicios de HubSpot para administrar nuestro desarrollo comercial, ventas, marketing, etc. Mecanismo legal usado para asegurar transferencias a HubSpot, Inc.: Cl\u00e1usulas Contractuales Est\u00e1ndar. Por favor, lee <a href=\"https:\/\/legal.hubspot.com\/privacy-policy\">Pol\u00edtica de privacidad de HubSpot<\/a> y Acuerdo de<a href=\"https:\/\/legal.hubspot.com\/dpa\"> procesamiento de datos de HubSpot<\/a> para m\u00e1s informaci\u00f3n sobre el procesamiento de datos personales por HubSpot y lee el DPA, que incluye Cl\u00e1usulas Contractuales Est\u00e1ndar, concluido con HubSpot.<\/span><\/p>\n<p><span data-sheets-root=\"1\"><strong>Cloudflare<\/strong>. Usamos servicios proporcionados por Cloudflare, Inc., 101 Townsend St. San Francisco, CA 94107. Los servicios de Cloudflare se usan para proteger el Sitio Web y nuestra infraestructura digital. Mecanismo legal usado para asegurar transferencias a Cloudflare, Inc.: Cl\u00e1usulas Contractuales Est\u00e1ndar. Por favor, lee <a href=\"https:\/\/www.cloudflare.com\/privacypolicy\/\">Pol\u00edtica de privacidad de Cloudflare<\/a> y <a href=\"https:\/\/www.cloudflare.com\/cloudflare-customer-dpa\/\">Adenda de Procesamiento de Datos de Cloudflare<\/a> para m\u00e1s informaci\u00f3n sobre el procesamiento de datos personales por Cloudflare y lee el DPA, que incluye Cl\u00e1usulas Contractuales Est\u00e1ndar, concluido con Cloudflare.<\/span><\/p>\n<div class=\"page-txt-wrapper\">\n<p><span data-sheets-root=\"1\"><strong>Mailchimp.<\/strong> Usamos servicios proporcionados por The Rocket Science Group LLC d\/b\/a Mailchimp, 675 Ponce de Leon Ave NE, Suite 5000 Atlanta, GA 30308 USA. Los servicios de Mailchimp nos ayudan a entregar correos electr\u00f3nicos a los receptores. Por favor, lee la <a href=\"https:\/\/www.intuit.com\/privacy\/statement\/\">Pol\u00edtica de Privacidad de Mailchimp<\/a> y <a href=\"https:\/\/mailchimp.com\/legal\/data-processing-addendum\/\">su Adenda de Procesamiento de Datos<\/a> para m\u00e1s informaci\u00f3n sobre el procesamiento de datos personales por Mailchimp y lee el DPA, que incluye Cl\u00e1usulas Contractuales Est\u00e1ndar, concluido con Mailchimp.<\/span><\/p>\n<h3><span data-sheets-root=\"1\">Tus derechos<\/span><\/h3>\n<p><span data-sheets-root=\"1\">El RGPD te otorga varios derechos. Para ejercer cualquiera de estos derechos, cont\u00e1ctanos. Tienes derecho<a href=\"https:\/\/gdpr-info.eu\/art-15-gdpr\/\"> de acceso<\/a>, <a href=\"https:\/\/gdpr-info.eu\/art-16-gdpr\/\">rectificaci\u00f3n<\/a>, <a href=\"https:\/\/gdpr-info.eu\/art-17-gdpr\/\">supresi\u00f3n (\u00abderecho al olvido\u00bb)<\/a>, <a href=\"https:\/\/gdpr-info.eu\/art-18-gdpr\/\">limitaci\u00f3n del tratamiento<\/a>, <a href=\"https:\/\/gdpr-info.eu\/art-20-gdpr\/\">portabilidad de datos<\/a> y <a href=\"https:\/\/gdpr-info.eu\/art-21-gdpr\/\">derecho de oposici\u00f3n<\/a>.<\/span><\/p>\n<p><span data-sheets-root=\"1\">Si has dado tu consentimiento para el procesamiento de tus datos personales, <a href=\"https:\/\/gdpr-info.eu\/art-7-gdpr\/\">tienes derecho a retirar<\/a> tu consentimiento en cualquier momento.<\/span><\/p>\n<p><span data-sheets-root=\"1\"><br \/>\nSi no est\u00e1s satisfecho con la manera en que procesamos tus datos personales, cont\u00e1ctanos en <a href=\"mailto:privacy@evoplay.games\">privacy@evoplay.games<\/a> y describe tu problema o queja. Adem\u00e1s, bajo el RGPD, tienes derecho a presentar una reclamaci\u00f3n ante:<br \/>\n<\/span><\/p>\n<ul>\n<li><span data-sheets-root=\"1\">La autoridad de supervisi\u00f3n de la jurisdicci\u00f3n donde reside nuestra empresa de la UE: el Comisionado para la Protecci\u00f3n de Datos Personales de la Rep\u00fablica de Chipre, sitio web del Comisionado <a href=\"http:\/\/www.dataprotection.gov.cy\/\">http:\/\/www.dataprotection.gov.cy\/<\/a> ;<\/span><\/li>\n<li><span data-sheets-root=\"1\">La autoridad de supervisi\u00f3n del Estado Miembro de tu residencia habitual o lugar de trabajo. Encuentra la lista de autoridades de supervisi\u00f3n de la UE en el sitio web del Comit\u00e9 Europeo de Protecci\u00f3n de Datos: <a href=\"https:\/\/edpb.europa.eu\/edpb_en\">https:\/\/edpb.europa.eu\/edpb_en<\/a>.<\/span><\/li>\n<\/ul>\n<h3><span data-sheets-root=\"1\">Cambios a esta Pol\u00edtica<\/span><\/h3>\n<p><span data-sheets-root=\"1\">Podemos cambiar esta Pol\u00edtica ocasionalmente. En caso de cambios, revisaremos esta Pol\u00edtica y cambiaremos su fecha de vigencia. Si tenemos tus datos personales y estos cambios a\u00f1aden nuevas condiciones de procesamiento de tus datos personales, te notificaremos sobre los cambios a trav\u00e9s de tus datos de contacto antes de la entrada en vigor de la nueva Pol\u00edtica.<\/p>\n<p>Fecha de vigencia: 12 de mayo de 2021.<\/span><\/p>\n<\/div>\n","protected":false},"excerpt":{"rendered":"<p>Introducci\u00f3n Esta Pol\u00edtica de Privacidad (la \u00abPol\u00edtica\u00bb) tiene como objetivo informarte sobre el procesamiento de tus datos personales cuando usas el sitio web https:\/\/evoplay.games\/ (el \u00abSitio Web\u00bb). La privacidad de nuestros clientes, usuarios y representantes de contrapartes es muy importante para nosotros. Por eso hemos trabajado para entregarte informaci\u00f3n sobre el procesamiento de datos de [&hellip;]<\/p>\n","protected":false},"author":1,"featured_media":0,"parent":0,"menu_order":0,"comment_status":"closed","ping_status":"closed","template":"templates\/terms-template.php","meta":{"_acf_changed":false,"footnotes":""},"class_list":["post-30219","page","type-page","status-publish","hentry"],"acf":[],"aioseo_notices":[],"_links":{"self":[{"href":"https:\/\/evoplay.games\/es\/wp-json\/wp\/v2\/pages\/30219","targetHints":{"allow":["GET"]}}],"collection":[{"href":"https:\/\/evoplay.games\/es\/wp-json\/wp\/v2\/pages"}],"about":[{"href":"https:\/\/evoplay.games\/es\/wp-json\/wp\/v2\/types\/page"}],"author":[{"embeddable":true,"href":"https:\/\/evoplay.games\/es\/wp-json\/wp\/v2\/users\/1"}],"replies":[{"embeddable":true,"href":"https:\/\/evoplay.games\/es\/wp-json\/wp\/v2\/comments?post=30219"}],"version-history":[{"count":1,"href":"https:\/\/evoplay.games\/es\/wp-json\/wp\/v2\/pages\/30219\/revisions"}],"predecessor-version":[{"id":32889,"href":"https:\/\/evoplay.games\/es\/wp-json\/wp\/v2\/pages\/30219\/revisions\/32889"}],"wp:attachment":[{"href":"https:\/\/evoplay.games\/es\/wp-json\/wp\/v2\/media?parent=30219"}],"curies":[{"name":"wp","href":"https:\/\/api.w.org\/{rel}","templated":true}]}}